{"id":16158,"date":"2023-12-15T14:17:44","date_gmt":"2023-12-15T12:17:44","guid":{"rendered":"http:\/\/taurusjewels.com\/test\/about-us\/"},"modified":"2024-09-10T16:42:36","modified_gmt":"2024-09-10T14:42:36","slug":"about-us","status":"publish","type":"page","link":"https:\/\/taurusjewels.com\/en\/about-us\/","title":{"rendered":"About us"},"content":{"rendered":"\t\t<div data-elementor-type=\"wp-page\" data-elementor-id=\"16158\" class=\"elementor elementor-16158 elementor-1759\" data-elementor-post-type=\"page\">\n\t\t\t\t\t\t<section class=\"elementor-section elementor-top-section elementor-element elementor-element-e28b4fd elementor-section-full_width elementor-section-height-default elementor-section-height-default\" data-id=\"e28b4fd\" data-element_type=\"section\">\n\t\t\t\t\t\t<div class=\"elementor-container elementor-column-gap-no\">\n\t\t\t\t\t<div class=\"elementor-column elementor-col-100 elementor-top-column elementor-element elementor-element-ed84635\" data-id=\"ed84635\" data-element_type=\"column\">\n\t\t\t<div class=\"elementor-widget-wrap elementor-element-populated\">\n\t\t\t\t\t\t<div class=\"elementor-element elementor-element-2ea1756 elementor-widget elementor-widget-image\" data-id=\"2ea1756\" data-element_type=\"widget\" data-settings=\"{&quot;ekit_we_effect_on&quot;:&quot;none&quot;}\" data-widget_type=\"image.default\">\n\t\t\t\t<div class=\"elementor-widget-container\">\n\t\t\t\t\t\t\t\t\t\t\t\t\t\t\t<img fetchpriority=\"high\" decoding=\"async\" width=\"2560\" height=\"914\" src=\"https:\/\/taurusjewels.com\/wp-content\/uploads\/2022\/11\/Taurus-Jewels-Vitrina-2022-R1-scaled.jpg\" class=\"attachment-full size-full wp-image-12307\" alt=\"\" srcset=\"https:\/\/taurusjewels.com\/wp-content\/uploads\/2022\/11\/Taurus-Jewels-Vitrina-2022-R1-scaled.jpg 2560w, https:\/\/taurusjewels.com\/wp-content\/uploads\/2022\/11\/Taurus-Jewels-Vitrina-2022-R1-scaled-600x214.jpg 600w, https:\/\/taurusjewels.com\/wp-content\/uploads\/2022\/11\/Taurus-Jewels-Vitrina-2022-R1-300x107.jpg 300w, https:\/\/taurusjewels.com\/wp-content\/uploads\/2022\/11\/Taurus-Jewels-Vitrina-2022-R1-1024x366.jpg 1024w, https:\/\/taurusjewels.com\/wp-content\/uploads\/2022\/11\/Taurus-Jewels-Vitrina-2022-R1-768x274.jpg 768w, https:\/\/taurusjewels.com\/wp-content\/uploads\/2022\/11\/Taurus-Jewels-Vitrina-2022-R1-1536x549.jpg 1536w, https:\/\/taurusjewels.com\/wp-content\/uploads\/2022\/11\/Taurus-Jewels-Vitrina-2022-R1-2048x731.jpg 2048w\" sizes=\"(max-width: 2560px) 100vw, 2560px\" \/>\t\t\t\t\t\t\t\t\t\t\t\t\t\t\t<\/div>\n\t\t\t\t<\/div>\n\t\t\t\t\t<\/div>\n\t\t<\/div>\n\t\t\t\t\t<\/div>\n\t\t<\/section>\n\t\t\t\t<section class=\"elementor-section elementor-top-section elementor-element elementor-element-1d045cd elementor-section-boxed elementor-section-height-default elementor-section-height-default\" data-id=\"1d045cd\" data-element_type=\"section\">\n\t\t\t\t\t\t<div class=\"elementor-container elementor-column-gap-default\">\n\t\t\t\t\t<div class=\"elementor-column elementor-col-100 elementor-top-column elementor-element elementor-element-3792ff0\" data-id=\"3792ff0\" data-element_type=\"column\">\n\t\t\t<div class=\"elementor-widget-wrap elementor-element-populated\">\n\t\t\t\t\t\t<section class=\"elementor-section elementor-inner-section elementor-element elementor-element-330b410 elementor-section-full_width elementor-section-height-default elementor-section-height-default\" data-id=\"330b410\" data-element_type=\"section\" data-settings=\"{&quot;background_background&quot;:&quot;classic&quot;}\">\n\t\t\t\t\t\t<div class=\"elementor-container elementor-column-gap-default\">\n\t\t\t\t\t<div class=\"elementor-column elementor-col-100 elementor-inner-column elementor-element elementor-element-6b5f4a8\" data-id=\"6b5f4a8\" data-element_type=\"column\" data-settings=\"{&quot;background_background&quot;:&quot;classic&quot;}\">\n\t\t\t<div class=\"elementor-widget-wrap elementor-element-populated\">\n\t\t\t\t\t\t<div class=\"elementor-element elementor-element-32ef104 elementor-widget elementor-widget-heading\" data-id=\"32ef104\" data-element_type=\"widget\" data-settings=\"{&quot;ekit_we_effect_on&quot;:&quot;none&quot;}\" data-widget_type=\"heading.default\">\n\t\t\t\t<div class=\"elementor-widget-container\">\n\t\t\t\t\t<h1 class=\"elementor-heading-title elementor-size-default\">About us<\/h1>\t\t\t\t<\/div>\n\t\t\t\t<\/div>\n\t\t\t\t<div class=\"elementor-element elementor-element-4a566aa elementor-widget elementor-widget-text-editor\" data-id=\"4a566aa\" data-element_type=\"widget\" data-settings=\"{&quot;ekit_we_effect_on&quot;:&quot;none&quot;}\" data-widget_type=\"text-editor.default\">\n\t\t\t\t<div class=\"elementor-widget-container\">\n\t\t\t\t\t\t\t\t\t<p>The creations of Taurus jewelry design studio embodies a dialogue between classic and modern culture in a duet of the highest quality gemstone and precious metal. A synthesis of what is timeless and recognizable, what is close. The jewelry is nourished through time and work, through years of experience and constant deepening of professional knowledge.<\/p>\n\t\t\t\t\t\t\t\t<\/div>\n\t\t\t\t<\/div>\n\t\t\t\t<div class=\"elementor-element elementor-element-ae72825 elementor-widget elementor-widget-image\" data-id=\"ae72825\" data-element_type=\"widget\" data-settings=\"{&quot;ekit_we_effect_on&quot;:&quot;none&quot;}\" data-widget_type=\"image.default\">\n\t\t\t\t<div class=\"elementor-widget-container\">\n\t\t\t\t\t\t\t\t\t\t\t\t\t\t\t<img decoding=\"async\" width=\"1024\" height=\"684\" src=\"https:\/\/taurusjewels.com\/wp-content\/uploads\/2023\/11\/ded4c9203e5abfd2e0a9a8d948a82501-1024x684.jpg\" class=\"attachment-large size-large wp-image-15714\" alt=\"\" srcset=\"https:\/\/taurusjewels.com\/wp-content\/uploads\/2023\/11\/ded4c9203e5abfd2e0a9a8d948a82501-1024x684.jpg 1024w, https:\/\/taurusjewels.com\/wp-content\/uploads\/2023\/11\/ded4c9203e5abfd2e0a9a8d948a82501-scaled-600x401.jpg 600w, https:\/\/taurusjewels.com\/wp-content\/uploads\/2023\/11\/ded4c9203e5abfd2e0a9a8d948a82501-300x200.jpg 300w, https:\/\/taurusjewels.com\/wp-content\/uploads\/2023\/11\/ded4c9203e5abfd2e0a9a8d948a82501-768x513.jpg 768w, https:\/\/taurusjewels.com\/wp-content\/uploads\/2023\/11\/ded4c9203e5abfd2e0a9a8d948a82501-1536x1025.jpg 1536w, https:\/\/taurusjewels.com\/wp-content\/uploads\/2023\/11\/ded4c9203e5abfd2e0a9a8d948a82501-2048x1367.jpg 2048w\" sizes=\"(max-width: 1024px) 100vw, 1024px\" \/>\t\t\t\t\t\t\t\t\t\t\t\t\t\t\t<\/div>\n\t\t\t\t<\/div>\n\t\t\t\t<div class=\"elementor-element elementor-element-3ddf62b elementor-widget elementor-widget-heading\" data-id=\"3ddf62b\" data-element_type=\"widget\" data-settings=\"{&quot;ekit_we_effect_on&quot;:&quot;none&quot;}\" data-widget_type=\"heading.default\">\n\t\t\t\t<div class=\"elementor-widget-container\">\n\t\t\t\t\t<p class=\"elementor-heading-title elementor-size-default\">HISTORY<\/p>\t\t\t\t<\/div>\n\t\t\t\t<\/div>\n\t\t\t\t<div class=\"elementor-element elementor-element-82b4d16 elementor-widget elementor-widget-text-editor\" data-id=\"82b4d16\" data-element_type=\"widget\" data-settings=\"{&quot;ekit_we_effect_on&quot;:&quot;none&quot;}\" data-widget_type=\"text-editor.default\">\n\t\t\t\t<div class=\"elementor-widget-container\">\n\t\t\t\t\t\t\t\t\t<p>The history of the Lithuanian jewelry brand Taurus created by jewelry designer Tauras Bla\u017eevi\u010dius began in 2012 growing out of the jewelry brand Dor\u0117 which had been under development since 2002.<\/p>\n<p>Tauras Bla\u017eevi\u010dius honed his jewelry profession mastery in Germany. Later, through his own consistent creative exploration, combining classical handmade jewelry crafting techniques with modern technologies, it grew into the recognized symbol of meaningful luxury in the Taurus jewelry design studio that we know today.<\/p>\n\t\t\t\t\t\t\t\t<\/div>\n\t\t\t\t<\/div>\n\t\t\t\t<div class=\"elementor-element elementor-element-353d4a7 elementor-widget elementor-widget-image\" data-id=\"353d4a7\" data-element_type=\"widget\" data-settings=\"{&quot;ekit_we_effect_on&quot;:&quot;none&quot;}\" data-widget_type=\"image.default\">\n\t\t\t\t<div class=\"elementor-widget-container\">\n\t\t\t\t\t\t\t\t\t\t\t\t\t\t\t<img decoding=\"async\" width=\"1024\" height=\"1024\" src=\"https:\/\/taurusjewels.com\/wp-content\/uploads\/2023\/11\/902799f4a834b41dc3a938beaeaba040-1024x1024.jpg\" class=\"attachment-large size-large wp-image-15716\" alt=\"\" srcset=\"https:\/\/taurusjewels.com\/wp-content\/uploads\/2023\/11\/902799f4a834b41dc3a938beaeaba040-1024x1024.jpg 1024w, https:\/\/taurusjewels.com\/wp-content\/uploads\/2023\/11\/902799f4a834b41dc3a938beaeaba040-scaled-100x100.jpg 100w, https:\/\/taurusjewels.com\/wp-content\/uploads\/2023\/11\/902799f4a834b41dc3a938beaeaba040-600x600.jpg 600w, https:\/\/taurusjewels.com\/wp-content\/uploads\/2023\/11\/902799f4a834b41dc3a938beaeaba040-300x300.jpg 300w, https:\/\/taurusjewels.com\/wp-content\/uploads\/2023\/11\/902799f4a834b41dc3a938beaeaba040-150x150.jpg 150w, https:\/\/taurusjewels.com\/wp-content\/uploads\/2023\/11\/902799f4a834b41dc3a938beaeaba040-768x768.jpg 768w, https:\/\/taurusjewels.com\/wp-content\/uploads\/2023\/11\/902799f4a834b41dc3a938beaeaba040-1536x1536.jpg 1536w, https:\/\/taurusjewels.com\/wp-content\/uploads\/2023\/11\/902799f4a834b41dc3a938beaeaba040-2048x2048.jpg 2048w\" sizes=\"(max-width: 1024px) 100vw, 1024px\" \/>\t\t\t\t\t\t\t\t\t\t\t\t\t\t\t<\/div>\n\t\t\t\t<\/div>\n\t\t\t\t<div class=\"elementor-element elementor-element-3ea9095 elementor-widget elementor-widget-text-editor\" data-id=\"3ea9095\" data-element_type=\"widget\" data-settings=\"{&quot;ekit_we_effect_on&quot;:&quot;none&quot;}\" data-widget_type=\"text-editor.default\">\n\t\t\t\t<div class=\"elementor-widget-container\">\n\t\t\t\t\t\t\t\t\t<p>All Taurus jewelry is crafted in the workshops of the Taurus jewelry design studio in Vilnius.<\/p>\n<p>&#8220;We create jewelry. You create their story.&#8221;<\/p>\n<p>\u2013 Tauras Bla\u017eevi\u010dius.<\/p>\n\t\t\t\t\t\t\t\t<\/div>\n\t\t\t\t<\/div>\n\t\t\t\t<div class=\"elementor-element elementor-element-4da6748 elementor-align-center elementor-widget elementor-widget-button\" data-id=\"4da6748\" data-element_type=\"widget\" data-settings=\"{&quot;ekit_we_effect_on&quot;:&quot;none&quot;}\" data-widget_type=\"button.default\">\n\t\t\t\t<div class=\"elementor-widget-container\">\n\t\t\t\t\t\t\t\t\t<div class=\"elementor-button-wrapper\">\n\t\t\t\t\t<a class=\"elementor-button elementor-button-link elementor-size-sm\" href=\"#elementor-action%3Aaction%3Dpopup%3Aopen%26settings%3DeyJpZCI6MTYzMDQsInRvZ2dsZSI6ZmFsc2V9\">\n\t\t\t\t\t\t<span class=\"elementor-button-content-wrapper\">\n\t\t\t\t\t\t\t\t\t<span class=\"elementor-button-text\">CONTACT US<\/span>\n\t\t\t\t\t<\/span>\n\t\t\t\t\t<\/a>\n\t\t\t\t<\/div>\n\t\t\t\t\t\t\t\t<\/div>\n\t\t\t\t<\/div>\n\t\t\t\t\t<\/div>\n\t\t<\/div>\n\t\t\t\t\t<\/div>\n\t\t<\/section>\n\t\t\t\t\t<\/div>\n\t\t<\/div>\n\t\t\t\t\t<\/div>\n\t\t<\/section>\n\t\t\t\t<section class=\"elementor-section elementor-top-section elementor-element elementor-element-17e93e1 elementor-section-full_width elementor-section-height-default elementor-section-height-default\" data-id=\"17e93e1\" data-element_type=\"section\" data-settings=\"{&quot;background_background&quot;:&quot;classic&quot;}\">\n\t\t\t\t\t\t<div class=\"elementor-container elementor-column-gap-no\">\n\t\t\t\t\t<div class=\"elementor-column elementor-col-100 elementor-top-column elementor-element elementor-element-8736267\" data-id=\"8736267\" data-element_type=\"column\" data-settings=\"{&quot;background_background&quot;:&quot;classic&quot;}\">\n\t\t\t<div class=\"elementor-widget-wrap elementor-element-populated\">\n\t\t\t\t\t\t<div class=\"elementor-element elementor-element-b5e8697 elementor-widget elementor-widget-image\" data-id=\"b5e8697\" data-element_type=\"widget\" data-settings=\"{&quot;ekit_we_effect_on&quot;:&quot;none&quot;}\" data-widget_type=\"image.default\">\n\t\t\t\t<div class=\"elementor-widget-container\">\n\t\t\t\t\t\t\t\t\t\t\t\t\t\t\t<img loading=\"lazy\" decoding=\"async\" width=\"2560\" height=\"1709\" src=\"https:\/\/taurusjewels.com\/wp-content\/uploads\/2024\/04\/about-us-bottom-rs.webp\" class=\"attachment-full size-full wp-image-17384\" alt=\"\" srcset=\"https:\/\/taurusjewels.com\/wp-content\/uploads\/2024\/04\/about-us-bottom-rs.webp 2560w, https:\/\/taurusjewels.com\/wp-content\/uploads\/2024\/04\/about-us-bottom-rs-600x401.webp 600w, https:\/\/taurusjewels.com\/wp-content\/uploads\/2024\/04\/about-us-bottom-rs-300x200.webp 300w, https:\/\/taurusjewels.com\/wp-content\/uploads\/2024\/04\/about-us-bottom-rs-1024x684.webp 1024w, https:\/\/taurusjewels.com\/wp-content\/uploads\/2024\/04\/about-us-bottom-rs-768x513.webp 768w, https:\/\/taurusjewels.com\/wp-content\/uploads\/2024\/04\/about-us-bottom-rs-1536x1025.webp 1536w, https:\/\/taurusjewels.com\/wp-content\/uploads\/2024\/04\/about-us-bottom-rs-2048x1367.webp 2048w\" sizes=\"(max-width: 2560px) 100vw, 2560px\" \/>\t\t\t\t\t\t\t\t\t\t\t\t\t\t\t<\/div>\n\t\t\t\t<\/div>\n\t\t\t\t\t<\/div>\n\t\t<\/div>\n\t\t\t\t\t<\/div>\n\t\t<\/section>\n\t\t\t\t<\/div>\n\t\t","protected":false},"excerpt":{"rendered":"<p>About us The creations of Taurus jewelry design studio embodies a dialogue between classic and modern culture in a duet of the highest quality gemstone and precious metal. A synthesis of what is timeless and recognizable, what is close. The jewelry is nourished through time and work, through years of experience and constant deepening of [&hellip;]<\/p>\n","protected":false},"author":1,"featured_media":0,"parent":0,"menu_order":0,"comment_status":"closed","ping_status":"closed","template":"elementor_header_footer","meta":{"inline_featured_image":false,"ocean_post_layout":"","ocean_both_sidebars_style":"","ocean_both_sidebars_content_width":0,"ocean_both_sidebars_sidebars_width":0,"ocean_sidebar":"0","ocean_second_sidebar":"0","ocean_disable_margins":"enable","ocean_add_body_class":"","ocean_shortcode_before_top_bar":"","ocean_shortcode_after_top_bar":"","ocean_shortcode_before_header":"","ocean_shortcode_after_header":"","ocean_has_shortcode":"","ocean_shortcode_after_title":"","ocean_shortcode_before_footer_widgets":"","ocean_shortcode_after_footer_widgets":"","ocean_shortcode_before_footer_bottom":"","ocean_shortcode_after_footer_bottom":"","ocean_display_top_bar":"default","ocean_display_header":"default","ocean_header_style":"","ocean_center_header_left_menu":"0","ocean_custom_header_template":"0","ocean_custom_logo":0,"ocean_custom_retina_logo":0,"ocean_custom_logo_max_width":0,"ocean_custom_logo_tablet_max_width":0,"ocean_custom_logo_mobile_max_width":0,"ocean_custom_logo_max_height":0,"ocean_custom_logo_tablet_max_height":0,"ocean_custom_logo_mobile_max_height":0,"ocean_header_custom_menu":"0","ocean_menu_typo_font_family":"0","ocean_menu_typo_font_subset":"","ocean_menu_typo_font_size":0,"ocean_menu_typo_font_size_tablet":0,"ocean_menu_typo_font_size_mobile":0,"ocean_menu_typo_font_size_unit":"px","ocean_menu_typo_font_weight":"","ocean_menu_typo_font_weight_tablet":"","ocean_menu_typo_font_weight_mobile":"","ocean_menu_typo_transform":"","ocean_menu_typo_transform_tablet":"","ocean_menu_typo_transform_mobile":"","ocean_menu_typo_line_height":0,"ocean_menu_typo_line_height_tablet":0,"ocean_menu_typo_line_height_mobile":0,"ocean_menu_typo_line_height_unit":"","ocean_menu_typo_spacing":0,"ocean_menu_typo_spacing_tablet":0,"ocean_menu_typo_spacing_mobile":0,"ocean_menu_typo_spacing_unit":"","ocean_menu_link_color":"","ocean_menu_link_color_hover":"","ocean_menu_link_color_active":"","ocean_menu_link_background":"","ocean_menu_link_hover_background":"","ocean_menu_link_active_background":"","ocean_menu_social_links_bg":"","ocean_menu_social_hover_links_bg":"","ocean_menu_social_links_color":"","ocean_menu_social_hover_links_color":"","ocean_disable_title":"on","ocean_disable_heading":"default","ocean_post_title":"","ocean_post_subheading":"","ocean_post_title_style":"","ocean_post_title_background_color":"","ocean_post_title_background":0,"ocean_post_title_bg_image_position":"","ocean_post_title_bg_image_attachment":"","ocean_post_title_bg_image_repeat":"","ocean_post_title_bg_image_size":"","ocean_post_title_height":0,"ocean_post_title_bg_overlay":0.5,"ocean_post_title_bg_overlay_color":"","ocean_disable_breadcrumbs":"default","ocean_breadcrumbs_color":"","ocean_breadcrumbs_separator_color":"","ocean_breadcrumbs_links_color":"","ocean_breadcrumbs_links_hover_color":"","ocean_display_footer_widgets":"default","ocean_display_footer_bottom":"default","ocean_custom_footer_template":"0","footnotes":""},"class_list":["post-16158","page","type-page","status-publish","hentry","entry","owp-thumbs-layout-vertical","owp-btn-normal","owp-tabs-layout-horizontal","has-no-thumbnails"],"yoast_head":"<!-- This site is optimized with the Yoast SEO plugin v26.8 - https:\/\/yoast.com\/product\/yoast-seo-wordpress\/ -->\n<title>About | Tauras Bla\u017eevi\u010dius<\/title>\n<meta name=\"description\" content=\"Taurus Jewels is a contemporary Lithuanian jewellery brand founded by the designer Tauras Bla\u017eevi\u010dius. Each piece of TAURUS jewellery radiates refined elegance and exquisite craftsmanship.\" \/>\n<meta name=\"robots\" content=\"index, follow, max-snippet:-1, max-image-preview:large, max-video-preview:-1\" \/>\n<link rel=\"canonical\" href=\"https:\/\/taurusjewels.com\/en\/about-us\/\" \/>\n<meta property=\"og:locale\" content=\"en_US\" \/>\n<meta property=\"og:type\" content=\"article\" \/>\n<meta property=\"og:title\" content=\"About | Tauras Bla\u017eevi\u010dius\" \/>\n<meta property=\"og:description\" content=\"Taurus Jewels is a contemporary Lithuanian jewellery brand founded by the designer Tauras Bla\u017eevi\u010dius. Each piece of TAURUS jewellery radiates refined elegance and exquisite craftsmanship.\" \/>\n<meta property=\"og:url\" content=\"https:\/\/taurusjewels.com\/en\/about-us\/\" \/>\n<meta property=\"og:site_name\" content=\"TAURUS JEWELS\" \/>\n<meta property=\"article:publisher\" content=\"https:\/\/www.facebook.com\/TaurusJewels.DiamondsAndPearls\/?epa=SEARCH_BOX\" \/>\n<meta property=\"article:modified_time\" content=\"2024-09-10T14:42:36+00:00\" \/>\n<meta property=\"og:image\" content=\"https:\/\/taurusjewels.com\/wp-content\/uploads\/2022\/11\/Taurus-Jewels-Vitrina-2022-R1-scaled.jpg\" \/>\n<meta name=\"twitter:card\" content=\"summary_large_image\" \/>\n<meta name=\"twitter:label1\" content=\"Est. reading time\" \/>\n\t<meta name=\"twitter:data1\" content=\"1 minute\" \/>\n<script type=\"application\/ld+json\" class=\"yoast-schema-graph\">{\"@context\":\"https:\/\/schema.org\",\"@graph\":[{\"@type\":\"WebPage\",\"@id\":\"https:\/\/taurusjewels.com\/en\/about-us\/\",\"url\":\"https:\/\/taurusjewels.com\/en\/about-us\/\",\"name\":\"About | Tauras Bla\u017eevi\u010dius\",\"isPartOf\":{\"@id\":\"https:\/\/taurusjewels.com\/en\/#website\"},\"primaryImageOfPage\":{\"@id\":\"https:\/\/taurusjewels.com\/en\/about-us\/#primaryimage\"},\"image\":{\"@id\":\"https:\/\/taurusjewels.com\/en\/about-us\/#primaryimage\"},\"thumbnailUrl\":\"https:\/\/taurusjewels.com\/wp-content\/uploads\/2022\/11\/Taurus-Jewels-Vitrina-2022-R1-scaled.jpg\",\"datePublished\":\"2023-12-15T12:17:44+00:00\",\"dateModified\":\"2024-09-10T14:42:36+00:00\",\"description\":\"Taurus Jewels is a contemporary Lithuanian jewellery brand founded by the designer Tauras Bla\u017eevi\u010dius. Each piece of TAURUS jewellery radiates refined elegance and exquisite craftsmanship.\",\"breadcrumb\":{\"@id\":\"https:\/\/taurusjewels.com\/en\/about-us\/#breadcrumb\"},\"inLanguage\":\"en-US\",\"potentialAction\":[{\"@type\":\"ReadAction\",\"target\":[\"https:\/\/taurusjewels.com\/en\/about-us\/\"]}]},{\"@type\":\"ImageObject\",\"inLanguage\":\"en-US\",\"@id\":\"https:\/\/taurusjewels.com\/en\/about-us\/#primaryimage\",\"url\":\"https:\/\/taurusjewels.com\/wp-content\/uploads\/2022\/11\/Taurus-Jewels-Vitrina-2022-R1-scaled.jpg\",\"contentUrl\":\"https:\/\/taurusjewels.com\/wp-content\/uploads\/2022\/11\/Taurus-Jewels-Vitrina-2022-R1-scaled.jpg\"},{\"@type\":\"BreadcrumbList\",\"@id\":\"https:\/\/taurusjewels.com\/en\/about-us\/#breadcrumb\",\"itemListElement\":[{\"@type\":\"ListItem\",\"position\":1,\"name\":\"Home\",\"item\":\"https:\/\/taurusjewels.com\/en\/\"},{\"@type\":\"ListItem\",\"position\":2,\"name\":\"About us\"}]},{\"@type\":\"WebSite\",\"@id\":\"https:\/\/taurusjewels.com\/en\/#website\",\"url\":\"https:\/\/taurusjewels.com\/en\/\",\"name\":\"TAURUS JEWELS\",\"description\":\"\",\"potentialAction\":[{\"@type\":\"SearchAction\",\"target\":{\"@type\":\"EntryPoint\",\"urlTemplate\":\"https:\/\/taurusjewels.com\/en\/?s={search_term_string}\"},\"query-input\":{\"@type\":\"PropertyValueSpecification\",\"valueRequired\":true,\"valueName\":\"search_term_string\"}}],\"inLanguage\":\"en-US\"}]}<\/script>\n<!-- \/ Yoast SEO plugin. -->","yoast_head_json":{"title":"About | Tauras Bla\u017eevi\u010dius","description":"Taurus Jewels is a contemporary Lithuanian jewellery brand founded by the designer Tauras Bla\u017eevi\u010dius. Each piece of TAURUS jewellery radiates refined elegance and exquisite craftsmanship.","robots":{"index":"index","follow":"follow","max-snippet":"max-snippet:-1","max-image-preview":"max-image-preview:large","max-video-preview":"max-video-preview:-1"},"canonical":"https:\/\/taurusjewels.com\/en\/about-us\/","og_locale":"en_US","og_type":"article","og_title":"About | Tauras Bla\u017eevi\u010dius","og_description":"Taurus Jewels is a contemporary Lithuanian jewellery brand founded by the designer Tauras Bla\u017eevi\u010dius. Each piece of TAURUS jewellery radiates refined elegance and exquisite craftsmanship.","og_url":"https:\/\/taurusjewels.com\/en\/about-us\/","og_site_name":"TAURUS JEWELS","article_publisher":"https:\/\/www.facebook.com\/TaurusJewels.DiamondsAndPearls\/?epa=SEARCH_BOX","article_modified_time":"2024-09-10T14:42:36+00:00","og_image":[{"url":"https:\/\/taurusjewels.com\/wp-content\/uploads\/2022\/11\/Taurus-Jewels-Vitrina-2022-R1-scaled.jpg","type":"","width":"","height":""}],"twitter_card":"summary_large_image","twitter_misc":{"Est. reading time":"1 minute"},"schema":{"@context":"https:\/\/schema.org","@graph":[{"@type":"WebPage","@id":"https:\/\/taurusjewels.com\/en\/about-us\/","url":"https:\/\/taurusjewels.com\/en\/about-us\/","name":"About | Tauras Bla\u017eevi\u010dius","isPartOf":{"@id":"https:\/\/taurusjewels.com\/en\/#website"},"primaryImageOfPage":{"@id":"https:\/\/taurusjewels.com\/en\/about-us\/#primaryimage"},"image":{"@id":"https:\/\/taurusjewels.com\/en\/about-us\/#primaryimage"},"thumbnailUrl":"https:\/\/taurusjewels.com\/wp-content\/uploads\/2022\/11\/Taurus-Jewels-Vitrina-2022-R1-scaled.jpg","datePublished":"2023-12-15T12:17:44+00:00","dateModified":"2024-09-10T14:42:36+00:00","description":"Taurus Jewels is a contemporary Lithuanian jewellery brand founded by the designer Tauras Bla\u017eevi\u010dius. Each piece of TAURUS jewellery radiates refined elegance and exquisite craftsmanship.","breadcrumb":{"@id":"https:\/\/taurusjewels.com\/en\/about-us\/#breadcrumb"},"inLanguage":"en-US","potentialAction":[{"@type":"ReadAction","target":["https:\/\/taurusjewels.com\/en\/about-us\/"]}]},{"@type":"ImageObject","inLanguage":"en-US","@id":"https:\/\/taurusjewels.com\/en\/about-us\/#primaryimage","url":"https:\/\/taurusjewels.com\/wp-content\/uploads\/2022\/11\/Taurus-Jewels-Vitrina-2022-R1-scaled.jpg","contentUrl":"https:\/\/taurusjewels.com\/wp-content\/uploads\/2022\/11\/Taurus-Jewels-Vitrina-2022-R1-scaled.jpg"},{"@type":"BreadcrumbList","@id":"https:\/\/taurusjewels.com\/en\/about-us\/#breadcrumb","itemListElement":[{"@type":"ListItem","position":1,"name":"Home","item":"https:\/\/taurusjewels.com\/en\/"},{"@type":"ListItem","position":2,"name":"About us"}]},{"@type":"WebSite","@id":"https:\/\/taurusjewels.com\/en\/#website","url":"https:\/\/taurusjewels.com\/en\/","name":"TAURUS JEWELS","description":"","potentialAction":[{"@type":"SearchAction","target":{"@type":"EntryPoint","urlTemplate":"https:\/\/taurusjewels.com\/en\/?s={search_term_string}"},"query-input":{"@type":"PropertyValueSpecification","valueRequired":true,"valueName":"search_term_string"}}],"inLanguage":"en-US"}]}},"_links":{"self":[{"href":"https:\/\/taurusjewels.com\/en\/wp-json\/wp\/v2\/pages\/16158","targetHints":{"allow":["GET"]}}],"collection":[{"href":"https:\/\/taurusjewels.com\/en\/wp-json\/wp\/v2\/pages"}],"about":[{"href":"https:\/\/taurusjewels.com\/en\/wp-json\/wp\/v2\/types\/page"}],"author":[{"embeddable":true,"href":"https:\/\/taurusjewels.com\/en\/wp-json\/wp\/v2\/users\/1"}],"replies":[{"embeddable":true,"href":"https:\/\/taurusjewels.com\/en\/wp-json\/wp\/v2\/comments?post=16158"}],"version-history":[{"count":5,"href":"https:\/\/taurusjewels.com\/en\/wp-json\/wp\/v2\/pages\/16158\/revisions"}],"predecessor-version":[{"id":18090,"href":"https:\/\/taurusjewels.com\/en\/wp-json\/wp\/v2\/pages\/16158\/revisions\/18090"}],"wp:attachment":[{"href":"https:\/\/taurusjewels.com\/en\/wp-json\/wp\/v2\/media?parent=16158"}],"curies":[{"name":"wp","href":"https:\/\/api.w.org\/{rel}","templated":true}]}}