{"id":16172,"date":"2023-12-18T21:27:14","date_gmt":"2023-12-18T19:27:14","guid":{"rendered":"http:\/\/taurusjewels.com\/test\/cart\/"},"modified":"2024-05-06T13:03:23","modified_gmt":"2024-05-06T11:03:23","slug":"cart","status":"publish","type":"page","link":"https:\/\/taurusjewels.com\/en\/cart\/","title":{"rendered":"Cart"},"content":{"rendered":"\t\t<div data-elementor-type=\"wp-page\" data-elementor-id=\"16172\" class=\"elementor elementor-16172 elementor-12384\" data-elementor-post-type=\"page\">\n\t\t\t\t\t\t<section class=\"elementor-section elementor-top-section elementor-element elementor-element-49e9fdb elementor-section-boxed elementor-section-height-default elementor-section-height-default\" data-id=\"49e9fdb\" data-element_type=\"section\">\n\t\t\t\t\t\t<div class=\"elementor-container elementor-column-gap-default\">\n\t\t\t\t\t<div class=\"elementor-column elementor-col-100 elementor-top-column elementor-element elementor-element-bc7da28\" data-id=\"bc7da28\" data-element_type=\"column\">\n\t\t\t<div class=\"elementor-widget-wrap elementor-element-populated\">\n\t\t\t\t\t\t\t<\/div>\n\t\t<\/div>\n\t\t\t\t\t<\/div>\n\t\t<\/section>\n\t\t\t\t<section class=\"elementor-section elementor-top-section elementor-element elementor-element-05743a3 elementor-section-boxed elementor-section-height-default elementor-section-height-default\" data-id=\"05743a3\" data-element_type=\"section\">\n\t\t\t\t\t\t<div class=\"elementor-container elementor-column-gap-default\">\n\t\t\t\t\t<div class=\"elementor-column elementor-col-100 elementor-top-column elementor-element elementor-element-d5cd43a\" data-id=\"d5cd43a\" data-element_type=\"column\">\n\t\t\t<div class=\"elementor-widget-wrap elementor-element-populated\">\n\t\t\t\t\t\t<div class=\"elementor-element elementor-element-45e4fcd elementor-hidden-tablet elementor-hidden-mobile elementor-widget elementor-widget-eael-woo-cart\" data-id=\"45e4fcd\" data-element_type=\"widget\" data-settings=\"{&quot;eael_woo_cart_table_components_remove_icon&quot;:{&quot;value&quot;:&quot;fas fa-times&quot;,&quot;library&quot;:&quot;fa-solid&quot;},&quot;ekit_we_effect_on&quot;:&quot;none&quot;}\" data-widget_type=\"eael-woo-cart.default\">\n\t\t\t\t<div class=\"elementor-widget-container\">\n\t\t\t\t\t\t\t\t\t<div class=\"eael-woo-cart-wrapper eael-woo-cart-empty eael-woo-style-2 eael-auto-update33\">\n\t\t\t\t<div class=\"woocommerce-notices-wrapper\"><\/div><div class=\"wc-empty-cart-message\">\n\t<div class=\"cart-empty woocommerce-info\" role=\"status\">\n\t\tJ\u016bs\u0173 krep\u0161elis kol kas tus\u010dias.\t<\/div>\n<\/div>\t<p class=\"return-to-shop\">\n\t\t<a class=\"button wc-backward\" href=\"https:\/\/taurusjewels.com\/en\/shop\/\">\n\t\t\tReturn to shop\t\t<\/a>\n\t<\/p>\n                <\/div>\n\t\t\t\t        <script>document.body.classList.add(\"eael-woo-cart\");<\/script>\n\t\t\t\t\t\t<\/div>\n\t\t\t\t<\/div>\n\t\t\t\t\t<\/div>\n\t\t<\/div>\n\t\t\t\t\t<\/div>\n\t\t<\/section>\n\t\t\t\t<section class=\"elementor-section elementor-top-section elementor-element elementor-element-506ef05 elementor-section-full_width elementor-hidden-desktop elementor-section-height-default elementor-section-height-default\" data-id=\"506ef05\" data-element_type=\"section\">\n\t\t\t\t\t\t<div class=\"elementor-container elementor-column-gap-default\">\n\t\t\t\t\t<div class=\"elementor-column elementor-col-100 elementor-top-column elementor-element elementor-element-7d4f108\" data-id=\"7d4f108\" data-element_type=\"column\">\n\t\t\t<div class=\"elementor-widget-wrap elementor-element-populated\">\n\t\t\t\t\t\t<div class=\"elementor-element elementor-element-c828818 elementor-widget elementor-widget-eael-woo-cart\" data-id=\"c828818\" data-element_type=\"widget\" data-settings=\"{&quot;ekit_we_effect_on&quot;:&quot;none&quot;}\" data-widget_type=\"eael-woo-cart.default\">\n\t\t\t\t<div class=\"elementor-widget-container\">\n\t\t\t\t\t\t\t\t\t<div class=\"eael-woo-cart-wrapper eael-woo-cart-empty eael-woo-default eael-auto-update33\">\n\t\t\t\t<div class=\"woocommerce-notices-wrapper\"><\/div><div class=\"wc-empty-cart-message\">\n\t<div class=\"cart-empty woocommerce-info\" role=\"status\">\n\t\tYour cart is currently empty.\t<\/div>\n<\/div>\t<p class=\"return-to-shop\">\n\t\t<a class=\"button wc-backward\" href=\"https:\/\/taurusjewels.com\/en\/shop\/\">\n\t\t\tReturn to shop\t\t<\/a>\n\t<\/p>\n                <\/div>\n\t\t\t\t        <script>document.body.classList.add(\"eael-woo-cart\");<\/script>\n\t\t\t\t\t\t<\/div>\n\t\t\t\t<\/div>\n\t\t\t\t\t<\/div>\n\t\t<\/div>\n\t\t\t\t\t<\/div>\n\t\t<\/section>\n\t\t\t\t<\/div>\n\t\t","protected":false},"excerpt":{"rendered":"<p>Product Price Quantity Total \u017diedas su deimantu #Z-1225-2DM Dydis: 16.25 Aukso spalva: Baltas auksas 2050&euro; 1 2050&euro; Viso 2050&euro; Proceed to checkout Product Total \u017diedas su deimantu Dydis: 16.25 Aukso spalva: Baltas auksas 2050&euro; Viso 2050&euro; Proceed to checkout<\/p>\n","protected":false},"author":1,"featured_media":0,"parent":0,"menu_order":0,"comment_status":"closed","ping_status":"closed","template":"elementor_header_footer","meta":{"inline_featured_image":false,"ocean_post_layout":"","ocean_both_sidebars_style":"","ocean_both_sidebars_content_width":0,"ocean_both_sidebars_sidebars_width":0,"ocean_sidebar":"0","ocean_second_sidebar":"0","ocean_disable_margins":"enable","ocean_add_body_class":"","ocean_shortcode_before_top_bar":"","ocean_shortcode_after_top_bar":"","ocean_shortcode_before_header":"","ocean_shortcode_after_header":"","ocean_has_shortcode":"","ocean_shortcode_after_title":"","ocean_shortcode_before_footer_widgets":"","ocean_shortcode_after_footer_widgets":"","ocean_shortcode_before_footer_bottom":"","ocean_shortcode_after_footer_bottom":"","ocean_display_top_bar":"default","ocean_display_header":"default","ocean_header_style":"","ocean_center_header_left_menu":"0","ocean_custom_header_template":"0","ocean_custom_logo":0,"ocean_custom_retina_logo":0,"ocean_custom_logo_max_width":0,"ocean_custom_logo_tablet_max_width":0,"ocean_custom_logo_mobile_max_width":0,"ocean_custom_logo_max_height":0,"ocean_custom_logo_tablet_max_height":0,"ocean_custom_logo_mobile_max_height":0,"ocean_header_custom_menu":"0","ocean_menu_typo_font_family":"0","ocean_menu_typo_font_subset":"","ocean_menu_typo_font_size":0,"ocean_menu_typo_font_size_tablet":0,"ocean_menu_typo_font_size_mobile":0,"ocean_menu_typo_font_size_unit":"px","ocean_menu_typo_font_weight":"","ocean_menu_typo_font_weight_tablet":"","ocean_menu_typo_font_weight_mobile":"","ocean_menu_typo_transform":"","ocean_menu_typo_transform_tablet":"","ocean_menu_typo_transform_mobile":"","ocean_menu_typo_line_height":0,"ocean_menu_typo_line_height_tablet":0,"ocean_menu_typo_line_height_mobile":0,"ocean_menu_typo_line_height_unit":"","ocean_menu_typo_spacing":0,"ocean_menu_typo_spacing_tablet":0,"ocean_menu_typo_spacing_mobile":0,"ocean_menu_typo_spacing_unit":"","ocean_menu_link_color":"","ocean_menu_link_color_hover":"","ocean_menu_link_color_active":"","ocean_menu_link_background":"","ocean_menu_link_hover_background":"","ocean_menu_link_active_background":"","ocean_menu_social_links_bg":"","ocean_menu_social_hover_links_bg":"","ocean_menu_social_links_color":"","ocean_menu_social_hover_links_color":"","ocean_disable_title":"default","ocean_disable_heading":"default","ocean_post_title":"","ocean_post_subheading":"","ocean_post_title_style":"","ocean_post_title_background_color":"","ocean_post_title_background":0,"ocean_post_title_bg_image_position":"","ocean_post_title_bg_image_attachment":"","ocean_post_title_bg_image_repeat":"","ocean_post_title_bg_image_size":"","ocean_post_title_height":0,"ocean_post_title_bg_overlay":0.5,"ocean_post_title_bg_overlay_color":"","ocean_disable_breadcrumbs":"default","ocean_breadcrumbs_color":"","ocean_breadcrumbs_separator_color":"","ocean_breadcrumbs_links_color":"","ocean_breadcrumbs_links_hover_color":"","ocean_display_footer_widgets":"default","ocean_display_footer_bottom":"default","ocean_custom_footer_template":"0","footnotes":""},"class_list":["post-16172","page","type-page","status-publish","hentry","entry","owp-thumbs-layout-vertical","owp-btn-normal","owp-tabs-layout-horizontal","has-no-thumbnails"],"yoast_head":"<!-- This site is optimized with the Yoast SEO plugin v26.8 - https:\/\/yoast.com\/product\/yoast-seo-wordpress\/ -->\n<title>Cart - TAURUS JEWELS<\/title>\n<meta name=\"robots\" content=\"index, follow, max-snippet:-1, max-image-preview:large, max-video-preview:-1\" \/>\n<link rel=\"canonical\" href=\"https:\/\/taurusjewels.com\/en\/cart\/\" \/>\n<meta property=\"og:locale\" content=\"en_US\" \/>\n<meta property=\"og:type\" content=\"article\" \/>\n<meta property=\"og:title\" content=\"Cart - TAURUS JEWELS\" \/>\n<meta property=\"og:description\" content=\"Product Price Quantity Total \u017diedas su deimantu #Z-1225-2DM Dydis: 16.25 Aukso spalva: Baltas auksas 2050&euro; 1 2050&euro; Viso 2050&euro; Proceed to checkout Product Total \u017diedas su deimantu Dydis: 16.25 Aukso spalva: Baltas auksas 2050&euro; Viso 2050&euro; Proceed to checkout\" \/>\n<meta property=\"og:url\" content=\"https:\/\/taurusjewels.com\/en\/cart\/\" \/>\n<meta property=\"og:site_name\" content=\"TAURUS JEWELS\" \/>\n<meta property=\"article:publisher\" content=\"https:\/\/www.facebook.com\/TaurusJewels.DiamondsAndPearls\/?epa=SEARCH_BOX\" \/>\n<meta property=\"article:modified_time\" content=\"2024-05-06T11:03:23+00:00\" \/>\n<meta property=\"og:image\" content=\"https:\/\/taurusjewels.com\/wp-content\/uploads\/2023\/06\/Z-1225-1W-NEW-WEB-M-1-025CT-scaled-1024x1024.jpg\" \/>\n<meta name=\"twitter:card\" content=\"summary_large_image\" \/>\n<script type=\"application\/ld+json\" class=\"yoast-schema-graph\">{\"@context\":\"https:\/\/schema.org\",\"@graph\":[{\"@type\":\"WebPage\",\"@id\":\"https:\/\/taurusjewels.com\/en\/cart\/\",\"url\":\"https:\/\/taurusjewels.com\/en\/cart\/\",\"name\":\"Cart - TAURUS JEWELS\",\"isPartOf\":{\"@id\":\"https:\/\/taurusjewels.com\/en\/#website\"},\"primaryImageOfPage\":{\"@id\":\"https:\/\/taurusjewels.com\/en\/cart\/#primaryimage\"},\"image\":{\"@id\":\"https:\/\/taurusjewels.com\/en\/cart\/#primaryimage\"},\"thumbnailUrl\":\"https:\/\/taurusjewels.com\/wp-content\/uploads\/2023\/06\/Z-1225-1W-NEW-WEB-M-1-025CT-scaled-1024x1024.jpg\",\"datePublished\":\"2023-12-18T19:27:14+00:00\",\"dateModified\":\"2024-05-06T11:03:23+00:00\",\"breadcrumb\":{\"@id\":\"https:\/\/taurusjewels.com\/en\/cart\/#breadcrumb\"},\"inLanguage\":\"en-US\",\"potentialAction\":[{\"@type\":\"ReadAction\",\"target\":[\"https:\/\/taurusjewels.com\/en\/cart\/\"]}]},{\"@type\":\"ImageObject\",\"inLanguage\":\"en-US\",\"@id\":\"https:\/\/taurusjewels.com\/en\/cart\/#primaryimage\",\"url\":\"https:\/\/taurusjewels.com\/wp-content\/uploads\/2023\/06\/Z-1225-1W-NEW-WEB-M-1-025CT-scaled-1024x1024.jpg\",\"contentUrl\":\"https:\/\/taurusjewels.com\/wp-content\/uploads\/2023\/06\/Z-1225-1W-NEW-WEB-M-1-025CT-scaled-1024x1024.jpg\"},{\"@type\":\"BreadcrumbList\",\"@id\":\"https:\/\/taurusjewels.com\/en\/cart\/#breadcrumb\",\"itemListElement\":[{\"@type\":\"ListItem\",\"position\":1,\"name\":\"Home\",\"item\":\"https:\/\/taurusjewels.com\/en\/\"},{\"@type\":\"ListItem\",\"position\":2,\"name\":\"Cart\"}]},{\"@type\":\"WebSite\",\"@id\":\"https:\/\/taurusjewels.com\/en\/#website\",\"url\":\"https:\/\/taurusjewels.com\/en\/\",\"name\":\"TAURUS JEWELS\",\"description\":\"\",\"potentialAction\":[{\"@type\":\"SearchAction\",\"target\":{\"@type\":\"EntryPoint\",\"urlTemplate\":\"https:\/\/taurusjewels.com\/en\/?s={search_term_string}\"},\"query-input\":{\"@type\":\"PropertyValueSpecification\",\"valueRequired\":true,\"valueName\":\"search_term_string\"}}],\"inLanguage\":\"en-US\"}]}<\/script>\n<!-- \/ Yoast SEO plugin. -->","yoast_head_json":{"title":"Cart - TAURUS JEWELS","robots":{"index":"index","follow":"follow","max-snippet":"max-snippet:-1","max-image-preview":"max-image-preview:large","max-video-preview":"max-video-preview:-1"},"canonical":"https:\/\/taurusjewels.com\/en\/cart\/","og_locale":"en_US","og_type":"article","og_title":"Cart - TAURUS JEWELS","og_description":"Product Price Quantity Total \u017diedas su deimantu #Z-1225-2DM Dydis: 16.25 Aukso spalva: Baltas auksas 2050&euro; 1 2050&euro; Viso 2050&euro; Proceed to checkout Product Total \u017diedas su deimantu Dydis: 16.25 Aukso spalva: Baltas auksas 2050&euro; Viso 2050&euro; Proceed to checkout","og_url":"https:\/\/taurusjewels.com\/en\/cart\/","og_site_name":"TAURUS JEWELS","article_publisher":"https:\/\/www.facebook.com\/TaurusJewels.DiamondsAndPearls\/?epa=SEARCH_BOX","article_modified_time":"2024-05-06T11:03:23+00:00","og_image":[{"url":"https:\/\/taurusjewels.com\/wp-content\/uploads\/2023\/06\/Z-1225-1W-NEW-WEB-M-1-025CT-scaled-1024x1024.jpg","type":"","width":"","height":""}],"twitter_card":"summary_large_image","schema":{"@context":"https:\/\/schema.org","@graph":[{"@type":"WebPage","@id":"https:\/\/taurusjewels.com\/en\/cart\/","url":"https:\/\/taurusjewels.com\/en\/cart\/","name":"Cart - TAURUS JEWELS","isPartOf":{"@id":"https:\/\/taurusjewels.com\/en\/#website"},"primaryImageOfPage":{"@id":"https:\/\/taurusjewels.com\/en\/cart\/#primaryimage"},"image":{"@id":"https:\/\/taurusjewels.com\/en\/cart\/#primaryimage"},"thumbnailUrl":"https:\/\/taurusjewels.com\/wp-content\/uploads\/2023\/06\/Z-1225-1W-NEW-WEB-M-1-025CT-scaled-1024x1024.jpg","datePublished":"2023-12-18T19:27:14+00:00","dateModified":"2024-05-06T11:03:23+00:00","breadcrumb":{"@id":"https:\/\/taurusjewels.com\/en\/cart\/#breadcrumb"},"inLanguage":"en-US","potentialAction":[{"@type":"ReadAction","target":["https:\/\/taurusjewels.com\/en\/cart\/"]}]},{"@type":"ImageObject","inLanguage":"en-US","@id":"https:\/\/taurusjewels.com\/en\/cart\/#primaryimage","url":"https:\/\/taurusjewels.com\/wp-content\/uploads\/2023\/06\/Z-1225-1W-NEW-WEB-M-1-025CT-scaled-1024x1024.jpg","contentUrl":"https:\/\/taurusjewels.com\/wp-content\/uploads\/2023\/06\/Z-1225-1W-NEW-WEB-M-1-025CT-scaled-1024x1024.jpg"},{"@type":"BreadcrumbList","@id":"https:\/\/taurusjewels.com\/en\/cart\/#breadcrumb","itemListElement":[{"@type":"ListItem","position":1,"name":"Home","item":"https:\/\/taurusjewels.com\/en\/"},{"@type":"ListItem","position":2,"name":"Cart"}]},{"@type":"WebSite","@id":"https:\/\/taurusjewels.com\/en\/#website","url":"https:\/\/taurusjewels.com\/en\/","name":"TAURUS JEWELS","description":"","potentialAction":[{"@type":"SearchAction","target":{"@type":"EntryPoint","urlTemplate":"https:\/\/taurusjewels.com\/en\/?s={search_term_string}"},"query-input":{"@type":"PropertyValueSpecification","valueRequired":true,"valueName":"search_term_string"}}],"inLanguage":"en-US"}]}},"_links":{"self":[{"href":"https:\/\/taurusjewels.com\/en\/wp-json\/wp\/v2\/pages\/16172","targetHints":{"allow":["GET"]}}],"collection":[{"href":"https:\/\/taurusjewels.com\/en\/wp-json\/wp\/v2\/pages"}],"about":[{"href":"https:\/\/taurusjewels.com\/en\/wp-json\/wp\/v2\/types\/page"}],"author":[{"embeddable":true,"href":"https:\/\/taurusjewels.com\/en\/wp-json\/wp\/v2\/users\/1"}],"replies":[{"embeddable":true,"href":"https:\/\/taurusjewels.com\/en\/wp-json\/wp\/v2\/comments?post=16172"}],"version-history":[{"count":28,"href":"https:\/\/taurusjewels.com\/en\/wp-json\/wp\/v2\/pages\/16172\/revisions"}],"predecessor-version":[{"id":17407,"href":"https:\/\/taurusjewels.com\/en\/wp-json\/wp\/v2\/pages\/16172\/revisions\/17407"}],"wp:attachment":[{"href":"https:\/\/taurusjewels.com\/en\/wp-json\/wp\/v2\/media?parent=16172"}],"curies":[{"name":"wp","href":"https:\/\/api.w.org\/{rel}","templated":true}]}}